{"id":263,"date":"2020-08-17T19:48:26","date_gmt":"2020-08-17T19:48:26","guid":{"rendered":"https:\/\/herzlin.com\/muju\/?page_id=263"},"modified":"2021-08-25T16:00:49","modified_gmt":"2021-08-25T16:00:49","slug":"shoa","status":"publish","type":"page","link":"https:\/\/museojudiodecordoba.org\/en\/shoa\/","title":{"rendered":"Shoa"},"content":{"rendered":"<p>The history of the Holocaust-Shoah and its repercussions in Argentina through testimonies of survivors.<\/p>","protected":false},"excerpt":{"rendered":"<p>The history of the Holocaust-Shoah and its repercussions in Argentina through testimonies of survivors. [&#8230;]<\/p>\n<p><a class=\"btn btn-secondary understrap-read-more-link\" href=\"https:\/\/museojudiodecordoba.org\/en\/shoa\/\">Read More&#8230;<\/a><\/p>\n","protected":false},"author":2,"featured_media":425,"parent":0,"menu_order":0,"comment_status":"closed","ping_status":"closed","template":"page-shoa.php","meta":{"inline_featured_image":false,"footnotes":""},"class_list":["post-263","page","type-page","status-publish","has-post-thumbnail","hentry"],"yoast_head":"<!-- This site is optimized with the Yoast SEO plugin v23.3 - https:\/\/yoast.com\/wordpress\/plugins\/seo\/ -->\n<title>Shoa - MUJU<\/title>\n<meta name=\"robots\" content=\"index, follow, max-snippet:-1, max-image-preview:large, max-video-preview:-1\" \/>\n<link rel=\"canonical\" href=\"https:\/\/museojudiodecordoba.org\/shoa\/\" \/>\n<meta property=\"og:locale\" content=\"en_US\" \/>\n<meta property=\"og:type\" content=\"article\" \/>\n<meta property=\"og:title\" content=\"[:es]Sho\u00e1[:en]Shoa[:iw]Shoa[:] - MUJU\" \/>\n<meta property=\"og:description\" content=\"The history of the Holocaust-Shoah and its repercussions in Argentina through testimonies of survivors. [...]Read More...\" \/>\n<meta property=\"og:url\" content=\"https:\/\/museojudiodecordoba.org\/shoa\/\" \/>\n<meta property=\"og:site_name\" content=\"MUJU\" \/>\n<meta property=\"article:modified_time\" content=\"2021-08-25T16:00:49+00:00\" \/>\n<meta property=\"og:image\" content=\"https:\/\/museojudiodecordoba.org\/wp-content\/uploads\/2020\/08\/aaaa.png\" \/>\n\t<meta property=\"og:image:width\" content=\"1600\" \/>\n\t<meta property=\"og:image:height\" content=\"466\" \/>\n\t<meta property=\"og:image:type\" content=\"image\/png\" \/>\n<meta name=\"twitter:card\" content=\"summary_large_image\" \/>\n<meta name=\"twitter:label1\" content=\"Est. reading time\" \/>\n\t<meta name=\"twitter:data1\" content=\"1 minute\" \/>\n<script type=\"application\/ld+json\" class=\"yoast-schema-graph\">{\"@context\":\"https:\/\/schema.org\",\"@graph\":[{\"@type\":\"WebPage\",\"@id\":\"https:\/\/museojudiodecordoba.org\/shoa\/\",\"url\":\"https:\/\/museojudiodecordoba.org\/shoa\/\",\"name\":\"[:es]Sho\u00e1[:en]Shoa[:iw]Shoa[:] - MUJU\",\"isPartOf\":{\"@id\":\"https:\/\/museojudiodecordoba.org\/en\/#website\"},\"primaryImageOfPage\":{\"@id\":\"https:\/\/museojudiodecordoba.org\/shoa\/#primaryimage\"},\"image\":{\"@id\":\"https:\/\/museojudiodecordoba.org\/shoa\/#primaryimage\"},\"thumbnailUrl\":\"https:\/\/museojudiodecordoba.org\/wp-content\/uploads\/2020\/08\/aaaa.png\",\"datePublished\":\"2020-08-17T19:48:26+00:00\",\"dateModified\":\"2021-08-25T16:00:49+00:00\",\"breadcrumb\":{\"@id\":\"https:\/\/museojudiodecordoba.org\/shoa\/#breadcrumb\"},\"inLanguage\":\"en-US\",\"potentialAction\":[{\"@type\":\"ReadAction\",\"target\":[\"https:\/\/museojudiodecordoba.org\/shoa\/\"]}]},{\"@type\":\"ImageObject\",\"inLanguage\":\"en-US\",\"@id\":\"https:\/\/museojudiodecordoba.org\/shoa\/#primaryimage\",\"url\":\"https:\/\/museojudiodecordoba.org\/wp-content\/uploads\/2020\/08\/aaaa.png\",\"contentUrl\":\"https:\/\/museojudiodecordoba.org\/wp-content\/uploads\/2020\/08\/aaaa.png\",\"width\":1600,\"height\":466},{\"@type\":\"BreadcrumbList\",\"@id\":\"https:\/\/museojudiodecordoba.org\/shoa\/#breadcrumb\",\"itemListElement\":[{\"@type\":\"ListItem\",\"position\":1,\"name\":\"Portada\",\"item\":\"https:\/\/museojudiodecordoba.org\/en\/\"},{\"@type\":\"ListItem\",\"position\":2,\"name\":\"Sho\u00e1\"}]},{\"@type\":\"WebSite\",\"@id\":\"https:\/\/museojudiodecordoba.org\/en\/#website\",\"url\":\"https:\/\/museojudiodecordoba.org\/en\/\",\"name\":\"MUJU\",\"description\":\"\",\"potentialAction\":[{\"@type\":\"SearchAction\",\"target\":{\"@type\":\"EntryPoint\",\"urlTemplate\":\"https:\/\/museojudiodecordoba.org\/en\/?s={search_term_string}\"},\"query-input\":\"required name=search_term_string\"}],\"inLanguage\":\"en-US\"}]}<\/script>\n<!-- \/ Yoast SEO plugin. -->","yoast_head_json":{"title":"[:es]Sho\u00e1[:en]Shoa[:iw]Shoa[:] - MUJU","robots":{"index":"index","follow":"follow","max-snippet":"max-snippet:-1","max-image-preview":"max-image-preview:large","max-video-preview":"max-video-preview:-1"},"canonical":"https:\/\/museojudiodecordoba.org\/shoa\/","og_locale":"en_US","og_type":"article","og_title":"[:es]Sho\u00e1[:en]Shoa[:iw]Shoa[:] - MUJU","og_description":"The history of the Holocaust-Shoah and its repercussions in Argentina through testimonies of survivors. [...]Read More...","og_url":"https:\/\/museojudiodecordoba.org\/shoa\/","og_site_name":"MUJU","article_modified_time":"2021-08-25T16:00:49+00:00","og_image":[{"width":1600,"height":466,"url":"https:\/\/museojudiodecordoba.org\/wp-content\/uploads\/2020\/08\/aaaa.png","type":"image\/png"}],"twitter_card":"summary_large_image","twitter_misc":{"Est. reading time":"1 minute"},"schema":{"@context":"https:\/\/schema.org","@graph":[{"@type":"WebPage","@id":"https:\/\/museojudiodecordoba.org\/shoa\/","url":"https:\/\/museojudiodecordoba.org\/shoa\/","name":"[:es]Sho\u00e1[:en]Shoa[:iw]Shoa[:] - MUJU","isPartOf":{"@id":"https:\/\/museojudiodecordoba.org\/en\/#website"},"primaryImageOfPage":{"@id":"https:\/\/museojudiodecordoba.org\/shoa\/#primaryimage"},"image":{"@id":"https:\/\/museojudiodecordoba.org\/shoa\/#primaryimage"},"thumbnailUrl":"https:\/\/museojudiodecordoba.org\/wp-content\/uploads\/2020\/08\/aaaa.png","datePublished":"2020-08-17T19:48:26+00:00","dateModified":"2021-08-25T16:00:49+00:00","breadcrumb":{"@id":"https:\/\/museojudiodecordoba.org\/shoa\/#breadcrumb"},"inLanguage":"en-US","potentialAction":[{"@type":"ReadAction","target":["https:\/\/museojudiodecordoba.org\/shoa\/"]}]},{"@type":"ImageObject","inLanguage":"en-US","@id":"https:\/\/museojudiodecordoba.org\/shoa\/#primaryimage","url":"https:\/\/museojudiodecordoba.org\/wp-content\/uploads\/2020\/08\/aaaa.png","contentUrl":"https:\/\/museojudiodecordoba.org\/wp-content\/uploads\/2020\/08\/aaaa.png","width":1600,"height":466},{"@type":"BreadcrumbList","@id":"https:\/\/museojudiodecordoba.org\/shoa\/#breadcrumb","itemListElement":[{"@type":"ListItem","position":1,"name":"Portada","item":"https:\/\/museojudiodecordoba.org\/en\/"},{"@type":"ListItem","position":2,"name":"Sho\u00e1"}]},{"@type":"WebSite","@id":"https:\/\/museojudiodecordoba.org\/en\/#website","url":"https:\/\/museojudiodecordoba.org\/en\/","name":"MUJU","description":"","potentialAction":[{"@type":"SearchAction","target":{"@type":"EntryPoint","urlTemplate":"https:\/\/museojudiodecordoba.org\/en\/?s={search_term_string}"},"query-input":"required name=search_term_string"}],"inLanguage":"en-US"}]}},"acf":{"headerWithImage":true,"foto_de_fondo_para_cabecera":"https:\/\/museojudiodecordoba.org\/wp-content\/uploads\/2020\/08\/aaaa.png","colorCabeceraDePagina":"#ee734c","texto_introductorio_cuadernos_shoa":"<h2>El Museo del Holocausto de Buenos Aires nos invita a explorar sus publicaciones &#8220;Cuadernos de la sho\u00e1&#8221;:<\/h2>\n<h2>Una publicaci\u00f3n anual destinada a docentes y capacitadores. Cada n\u00famero aborda una tem\u00e1tica diferente relativa al Holocausto, acompa\u00f1ada de una propuesta did\u00e1ctica que los convierte en una herramienta indispensable para el trabajo en el aula.<\/h2>\n","contenido_despues_de_cabecera":"","campo_content":"<p><strong>Actividades Nazis en Argentina<\/strong><br \/>\nEn la d\u00e9cada de 1930 Alemania foment\u00f3 en la Argentina acciones de apoyo a Hitler, publicaciones antisemitas y propaganda nazi.<\/p>\n<p><iframe loading=\"lazy\" title=\"Actividaes Nazis en Argentina\" width=\"640\" height=\"360\" src=\"https:\/\/www.youtube.com\/embed\/v2VAd8BXvSw?feature=oembed\" frameborder=\"0\" allow=\"accelerometer; autoplay; clipboard-write; encrypted-media; gyroscope; picture-in-picture; web-share\" referrerpolicy=\"strict-origin-when-cross-origin\" allowfullscreen><\/iframe><\/p>\n<p><strong><br \/>\nJud\u00edos y Antinazis en Argentina<br \/>\n<\/strong><br \/>\nLos jud\u00edos llegaron al pa\u00eds en tiempos de inmigraci\u00f3n masiva. En los a\u00f1os 30 arribaron tambi\u00e9n alemanes y exiliados del r\u00e9gimen de Hitler. Argentina fue escenario de destacadas iniciativas en oposici\u00f3n al nazismo.<\/p>\n<p><iframe loading=\"lazy\" title=\"Jud\u00edos y Antinazis en Argentina\" width=\"640\" height=\"360\" src=\"https:\/\/www.youtube.com\/embed\/9YYJMWp1KsE?feature=oembed\" frameborder=\"0\" allow=\"accelerometer; autoplay; clipboard-write; encrypted-media; gyroscope; picture-in-picture; web-share\" referrerpolicy=\"strict-origin-when-cross-origin\" allowfullscreen><\/iframe><\/p>\n<p>&nbsp;<\/p>\n"},"_links":{"self":[{"href":"https:\/\/museojudiodecordoba.org\/en\/wp-json\/wp\/v2\/pages\/263","targetHints":{"allow":["GET"]}}],"collection":[{"href":"https:\/\/museojudiodecordoba.org\/en\/wp-json\/wp\/v2\/pages"}],"about":[{"href":"https:\/\/museojudiodecordoba.org\/en\/wp-json\/wp\/v2\/types\/page"}],"author":[{"embeddable":true,"href":"https:\/\/museojudiodecordoba.org\/en\/wp-json\/wp\/v2\/users\/2"}],"replies":[{"embeddable":true,"href":"https:\/\/museojudiodecordoba.org\/en\/wp-json\/wp\/v2\/comments?post=263"}],"version-history":[{"count":5,"href":"https:\/\/museojudiodecordoba.org\/en\/wp-json\/wp\/v2\/pages\/263\/revisions"}],"predecessor-version":[{"id":3102,"href":"https:\/\/museojudiodecordoba.org\/en\/wp-json\/wp\/v2\/pages\/263\/revisions\/3102"}],"wp:featuredmedia":[{"embeddable":true,"href":"https:\/\/museojudiodecordoba.org\/en\/wp-json\/wp\/v2\/media\/425"}],"wp:attachment":[{"href":"https:\/\/museojudiodecordoba.org\/en\/wp-json\/wp\/v2\/media?parent=263"}],"curies":[{"name":"wp","href":"https:\/\/api.w.org\/{rel}","templated":true}]}}